{"id":344,"date":"2026-04-06T15:41:59","date_gmt":"2026-04-06T15:41:59","guid":{"rendered":"https:\/\/grischalux.ch\/?page_id=344"},"modified":"2026-04-11T12:20:10","modified_gmt":"2026-04-11T12:20:10","slug":"impressum","status":"publish","type":"page","link":"https:\/\/grischalux.ch\/index.php\/impressum\/","title":{"rendered":"Impressum"},"content":{"rendered":"\t\t<div data-elementor-type=\"wp-page\" data-elementor-id=\"344\" class=\"elementor elementor-344\">\n\t\t\t\t<div class=\"elementor-element elementor-element-52c799de e-flex e-con-boxed e-con e-parent\" data-id=\"52c799de\" data-element_type=\"container\" data-e-type=\"container\" data-settings=\"{&quot;background_background&quot;:&quot;classic&quot;}\">\n\t\t\t\t\t<div class=\"e-con-inner\">\n\t\t<div class=\"elementor-element elementor-element-6f4e0352 e-con-full e-flex e-con e-child\" data-id=\"6f4e0352\" data-element_type=\"container\" data-e-type=\"container\">\n\t\t\t\t<div class=\"elementor-element elementor-element-65b176dc elementor-widget elementor-widget-image\" data-id=\"65b176dc\" data-element_type=\"widget\" data-e-type=\"widget\" data-widget_type=\"image.default\">\n\t\t\t\t\t\t\t\t\t\t\t\t\t\t\t<img fetchpriority=\"high\" decoding=\"async\" width=\"1024\" height=\"229\" src=\"https:\/\/grischalux.ch\/wp-content\/uploads\/2026\/03\/grischalux-1-1024x229.png\" class=\"attachment-large size-large wp-image-10\" alt=\"grischalux\" srcset=\"https:\/\/grischalux.ch\/wp-content\/uploads\/2026\/03\/grischalux-1-1024x229.png 1024w, https:\/\/grischalux.ch\/wp-content\/uploads\/2026\/03\/grischalux-1-300x67.png 300w, https:\/\/grischalux.ch\/wp-content\/uploads\/2026\/03\/grischalux-1-768x172.png 768w, https:\/\/grischalux.ch\/wp-content\/uploads\/2026\/03\/grischalux-1-1536x343.png 1536w, https:\/\/grischalux.ch\/wp-content\/uploads\/2026\/03\/grischalux-1-2048x458.png 2048w\" sizes=\"(max-width: 1024px) 100vw, 1024px\" \/>\t\t\t\t\t\t\t\t\t\t\t\t\t\t\t<\/div>\n\t\t\t\t<\/div>\n\t\t<div class=\"elementor-element elementor-element-4d830f6b e-con-full e-flex e-con e-child\" data-id=\"4d830f6b\" data-element_type=\"container\" data-e-type=\"container\">\n\t\t<div class=\"elementor-element elementor-element-73b206f7 e-con-full e-flex e-con e-child\" data-id=\"73b206f7\" data-element_type=\"container\" data-e-type=\"container\">\n\t\t\t\t<div class=\"elementor-element elementor-element-63ace9aa elementor-widget elementor-widget-heading\" data-id=\"63ace9aa\" data-element_type=\"widget\" data-e-type=\"widget\" data-widget_type=\"heading.default\">\n\t\t\t\t\t<h2 class=\"elementor-heading-title elementor-size-default\">\u00dcber Uns<\/h2>\t\t\t\t<\/div>\n\t\t\t\t<div class=\"elementor-element elementor-element-161a74c4 elementor-widget elementor-widget-heading\" data-id=\"161a74c4\" data-element_type=\"widget\" data-e-type=\"widget\" data-widget_type=\"heading.default\">\n\t\t\t\t\t<h2 class=\"elementor-heading-title elementor-size-default\">Kontakt<\/h2>\t\t\t\t<\/div>\n\t\t\t\t<\/div>\n\t\t\t\t<\/div>\n\t\t\t\t\t<\/div>\n\t\t\t\t<\/div>\n\t\t<div class=\"elementor-element elementor-element-759b8327 e-flex e-con-boxed e-con e-parent\" data-id=\"759b8327\" data-element_type=\"container\" data-e-type=\"container\" data-settings=\"{&quot;background_background&quot;:&quot;classic&quot;}\">\n\t\t\t\t\t<div class=\"e-con-inner\">\n\t\t<div class=\"elementor-element elementor-element-61ad99bd e-con-full e-flex e-con e-child\" data-id=\"61ad99bd\" data-element_type=\"container\" data-e-type=\"container\">\n\t\t\t\t<\/div>\n\t\t<div class=\"elementor-element elementor-element-534a07ef e-con-full e-flex e-con e-child\" data-id=\"534a07ef\" data-element_type=\"container\" data-e-type=\"container\">\n\t\t<div class=\"elementor-element elementor-element-309857e8 e-grid e-con-full e-con e-child\" data-id=\"309857e8\" data-element_type=\"container\" data-e-type=\"container\">\n\t\t\t\t<div class=\"elementor-element elementor-element-34b1cc4 elementor-widget elementor-widget-heading\" data-id=\"34b1cc4\" data-element_type=\"widget\" data-e-type=\"widget\" data-widget_type=\"heading.default\">\n\t\t\t\t\t<h2 class=\"elementor-heading-title elementor-size-default\">Impressum<\/h2>\t\t\t\t<\/div>\n\t\t\t\t<div class=\"elementor-element elementor-element-463782ce elementor-widget-divider--view-line elementor-widget elementor-widget-divider\" data-id=\"463782ce\" data-element_type=\"widget\" data-e-type=\"widget\" data-widget_type=\"divider.default\">\n\t\t\t\t\t\t\t<div class=\"elementor-divider\">\n\t\t\t<span class=\"elementor-divider-separator\">\n\t\t\t\t\t\t<\/span>\n\t\t<\/div>\n\t\t\t\t\t\t<\/div>\n\t\t<div class=\"elementor-element elementor-element-3407276b e-grid e-con-full e-con e-child\" data-id=\"3407276b\" data-element_type=\"container\" data-e-type=\"container\">\n\t\t\t\t<div class=\"elementor-element elementor-element-732a869 elementor-widget elementor-widget-text-editor\" data-id=\"732a869\" data-element_type=\"widget\" data-e-type=\"widget\" data-widget_type=\"text-editor.default\">\n\t\t\t\t\t\t\t\t\t<p>Kontaktadresse<br \/>Grischalux GmbH<br \/>Obere Industrie 2<br \/>7304 Maienfeld<br \/>Schweiz<br \/>info@grischalux.ch<br \/>076 580 40 45<\/p><p>Vertretungsberechtigte Personen<br \/>Alessandro B\u00e4ttig, Gesch\u00e4ftsf\u00fchrer<\/p><p>Handelsregistereintrag<br \/>Eingetragener Firmenname: Grischalux<br \/>Nummer: CH-350.4.008.021-1<\/p><p>Mehrwertsteuernummer<br \/>CHE-297.038.929<\/p><p>Haftungsausschluss<br \/>Der Autor \u00fcbernimmt keinerlei Gew\u00e4hr hinsichtlich der inhaltlichen Richtigkeit, Genauigkeit, Aktualit\u00e4t, Zuverl\u00e4ssigkeit und Vollst\u00e4ndigkeit der Informationen. Haftungsanspr\u00fcche gegen den Autor wegen Sch\u00e4den materieller oder immaterieller Art, welche aus dem Zugriff oder der Nutzung bzw. Nichtnutzung der ver\u00f6ffentlichten Informationen, durch Missbrauch der Verbindung oder durch technische St\u00f6rungen entstanden sind, werden ausgeschlossen. Alle Angebote sind unverbindlich. Der Autor beh\u00e4lt es sich ausdr\u00fccklich vor, Teile der Seiten oder das gesamte Angebot ohne gesonderte Ank\u00fcndigung zu ver\u00e4ndern, zu erg\u00e4nzen, zu l\u00f6schen oder die Ver\u00f6ffentlichung zeitweise oder endg\u00fcltig einzustellen.<\/p><p>Haftung f\u00fcr Links<br \/>Verweise und Links auf Webseiten Dritter liegen ausserhalb unseres Verantwortungsbereichs Es wird jegliche Verantwortung f\u00fcr solche Webseiten abgelehnt. Der Zugriff und die Nutzung solcher Webseiten erfolgen auf eigene Gefahr des Nutzers oder der Nutzerin.<\/p><p>Urheberrechte<br \/>Die Urheber- und alle anderen Rechte an Inhalten, Bildern, Fotos oder anderen Dateien auf der Website geh\u00f6ren ausschliesslich der Firma Grischalux oder den speziell genannten Rechtsinhabern. F\u00fcr die Reproduktion jeglicher Elemente ist die schriftliche Zustimmung der Urheberrechtstr\u00e4ger im Voraus einzuholen.<\/p>\t\t\t\t\t\t\t\t<\/div>\n\t\t\t\t<\/div>\n\t\t\t\t<\/div>\n\t\t\t\t<\/div>\n\t\t<div class=\"elementor-element elementor-element-1b8e56df e-con-full e-flex e-con e-child\" data-id=\"1b8e56df\" data-element_type=\"container\" data-e-type=\"container\">\n\t\t\t\t<\/div>\n\t\t\t\t\t<\/div>\n\t\t\t\t<\/div>\n\t\t<div class=\"elementor-element elementor-element-22ace03b e-flex e-con-boxed e-con e-parent\" data-id=\"22ace03b\" data-element_type=\"container\" data-e-type=\"container\" data-settings=\"{&quot;background_background&quot;:&quot;classic&quot;}\">\n\t\t\t\t\t<div class=\"e-con-inner\">\n\t\t<div class=\"elementor-element elementor-element-1338788c e-con-full e-flex e-con e-child\" data-id=\"1338788c\" data-element_type=\"container\" data-e-type=\"container\">\n\t\t\t\t<div class=\"elementor-element elementor-element-6c538127 elementor-widget elementor-widget-image\" data-id=\"6c538127\" data-element_type=\"widget\" data-e-type=\"widget\" data-widget_type=\"image.default\">\n\t\t\t\t\t\t\t\t\t\t\t\t\t\t\t<img decoding=\"async\" width=\"830\" height=\"1024\" src=\"https:\/\/grischalux.ch\/wp-content\/uploads\/2026\/04\/grischalux_logo_senkrecht-1-830x1024.png\" class=\"attachment-large size-large wp-image-143\" alt=\"grischalux\" srcset=\"https:\/\/grischalux.ch\/wp-content\/uploads\/2026\/04\/grischalux_logo_senkrecht-1-830x1024.png 830w, https:\/\/grischalux.ch\/wp-content\/uploads\/2026\/04\/grischalux_logo_senkrecht-1-243x300.png 243w, https:\/\/grischalux.ch\/wp-content\/uploads\/2026\/04\/grischalux_logo_senkrecht-1-768x948.png 768w, https:\/\/grischalux.ch\/wp-content\/uploads\/2026\/04\/grischalux_logo_senkrecht-1.png 866w\" sizes=\"(max-width: 830px) 100vw, 830px\" \/>\t\t\t\t\t\t\t\t\t\t\t\t\t\t\t<\/div>\n\t\t\t\t<\/div>\n\t\t<div class=\"elementor-element elementor-element-31290bae e-con-full e-flex e-con e-child\" data-id=\"31290bae\" data-element_type=\"container\" data-e-type=\"container\">\n\t\t\t\t<div class=\"elementor-element elementor-element-4f09fc4e elementor-widget elementor-widget-text-editor\" data-id=\"4f09fc4e\" data-element_type=\"widget\" data-e-type=\"widget\" data-widget_type=\"text-editor.default\">\n\t\t\t\t\t\t\t\t\t<p>Alessandro B\u00e4ttig<br \/>Obere Industrie 2<br \/>7304 Maienfeld<br \/>info@grischalux.ch<br \/><a style=\"color: #ffffff; font-weight: 400; text-decoration: none;\" href=\"tel:0765804045\">076 580 40 45<\/a><\/p>\t\t\t\t\t\t\t\t<\/div>\n\t\t\t\t<\/div>\n\t\t<div class=\"elementor-element elementor-element-73e77010 e-con-full e-flex e-con e-child\" data-id=\"73e77010\" data-element_type=\"container\" data-e-type=\"container\">\n\t\t<div class=\"elementor-element elementor-element-4aa9f7ba e-con-full e-flex e-con e-child\" data-id=\"4aa9f7ba\" data-element_type=\"container\" data-e-type=\"container\">\n\t\t\t\t<div class=\"elementor-element elementor-element-555229fa elementor-widget elementor-widget-heading\" data-id=\"555229fa\" data-element_type=\"widget\" data-e-type=\"widget\" data-widget_type=\"heading.default\">\n\t\t\t\t\t<h2 class=\"elementor-heading-title elementor-size-default\"><a href=\"https:\/\/grischalux.ch\/index.php\/impressum\/\">Impressum<\/a><\/h2>\t\t\t\t<\/div>\n\t\t\t\t<div class=\"elementor-element elementor-element-18dd1e97 elementor-widget elementor-widget-heading\" data-id=\"18dd1e97\" data-element_type=\"widget\" data-e-type=\"widget\" data-widget_type=\"heading.default\">\n\t\t\t\t\t<h2 class=\"elementor-heading-title elementor-size-default\"><a href=\"https:\/\/grischalux.ch\/index.php\/elementor-282\/\">AGB<\/a><\/h2>\t\t\t\t<\/div>\n\t\t\t\t<\/div>\n\t\t\t\t<\/div>\n\t\t\t\t\t<\/div>\n\t\t\t\t<\/div>\n\t\t<div class=\"elementor-element elementor-element-4abefcbf e-con-full e-flex e-con e-child\" data-id=\"4abefcbf\" data-element_type=\"container\" data-e-type=\"container\">\n\t\t<div class=\"elementor-element elementor-element-ca7c467 e-con-full e-flex e-con e-child\" data-id=\"ca7c467\" data-element_type=\"container\" data-e-type=\"container\">\n\t\t\t\t<div class=\"elementor-element elementor-element-27052f2f elementor-widget elementor-widget-heading\" data-id=\"27052f2f\" data-element_type=\"widget\" data-e-type=\"widget\" data-widget_type=\"heading.default\">\n\t\t\t\t\t<h2 class=\"elementor-heading-title elementor-size-default\"><a href=\"https:\/\/grischalux.ch\/index.php\/impressum\/\">Impressum<\/a><\/h2>\t\t\t\t<\/div>\n\t\t\t\t<div class=\"elementor-element elementor-element-45fe1b31 elementor-widget elementor-widget-heading\" data-id=\"45fe1b31\" data-element_type=\"widget\" data-e-type=\"widget\" data-widget_type=\"heading.default\">\n\t\t\t\t\t<h2 class=\"elementor-heading-title elementor-size-default\"><a href=\"https:\/\/grischalux.ch\/index.php\/elementor-282\/\">AGB<\/a><\/h2>\t\t\t\t<\/div>\n\t\t\t\t<\/div>\n\t\t\t\t<\/div>\n\t\t\t\t<\/div>\n\t\t","protected":false},"excerpt":{"rendered":"<p>\u00dcber Uns Kontakt Impressum KontaktadresseGrischalux GmbHObere Industrie 27304 MaienfeldSchweizinfo@grischalux.ch076 580 40 45 Vertretungsberechtigte PersonenAlessandro B\u00e4ttig, Gesch\u00e4ftsf\u00fchrer HandelsregistereintragEingetragener Firmenname: GrischaluxNummer: CH-350.4.008.021-1 MehrwertsteuernummerCHE-297.038.929 HaftungsausschlussDer Autor \u00fcbernimmt keinerlei Gew\u00e4hr hinsichtlich der inhaltlichen Richtigkeit, Genauigkeit, Aktualit\u00e4t, Zuverl\u00e4ssigkeit und Vollst\u00e4ndigkeit der Informationen. Haftungsanspr\u00fcche gegen den Autor wegen Sch\u00e4den materieller oder immaterieller Art, welche aus dem Zugriff oder der Nutzung bzw. [&hellip;]<\/p>\n","protected":false},"author":1,"featured_media":0,"parent":0,"menu_order":0,"comment_status":"closed","ping_status":"closed","template":"","meta":{"footnotes":""},"class_list":["post-344","page","type-page","status-publish","hentry"],"_links":{"self":[{"href":"https:\/\/grischalux.ch\/index.php\/wp-json\/wp\/v2\/pages\/344","targetHints":{"allow":["GET"]}}],"collection":[{"href":"https:\/\/grischalux.ch\/index.php\/wp-json\/wp\/v2\/pages"}],"about":[{"href":"https:\/\/grischalux.ch\/index.php\/wp-json\/wp\/v2\/types\/page"}],"author":[{"embeddable":true,"href":"https:\/\/grischalux.ch\/index.php\/wp-json\/wp\/v2\/users\/1"}],"replies":[{"embeddable":true,"href":"https:\/\/grischalux.ch\/index.php\/wp-json\/wp\/v2\/comments?post=344"}],"version-history":[{"count":18,"href":"https:\/\/grischalux.ch\/index.php\/wp-json\/wp\/v2\/pages\/344\/revisions"}],"predecessor-version":[{"id":420,"href":"https:\/\/grischalux.ch\/index.php\/wp-json\/wp\/v2\/pages\/344\/revisions\/420"}],"wp:attachment":[{"href":"https:\/\/grischalux.ch\/index.php\/wp-json\/wp\/v2\/media?parent=344"}],"curies":[{"name":"wp","href":"https:\/\/api.w.org\/{rel}","templated":true}]}}