{"id":189,"date":"2026-04-01T12:09:18","date_gmt":"2026-04-01T12:09:18","guid":{"rendered":"https:\/\/grischalux.ch\/?page_id=189"},"modified":"2026-04-11T12:21:16","modified_gmt":"2026-04-11T12:21:16","slug":"kontakt","status":"publish","type":"page","link":"https:\/\/grischalux.ch\/index.php\/kontakt\/","title":{"rendered":"Kontakt"},"content":{"rendered":"\t\t<div data-elementor-type=\"wp-page\" data-elementor-id=\"189\" class=\"elementor elementor-189\">\n\t\t\t\t<div class=\"elementor-element elementor-element-15e8ba5 e-flex e-con-boxed e-con e-parent\" data-id=\"15e8ba5\" data-element_type=\"container\" data-e-type=\"container\" data-settings=\"{&quot;background_background&quot;:&quot;classic&quot;}\">\n\t\t\t\t\t<div class=\"e-con-inner\">\n\t\t<div class=\"elementor-element elementor-element-7ad490fb e-con-full e-flex e-con e-child\" data-id=\"7ad490fb\" data-element_type=\"container\" data-e-type=\"container\">\n\t\t\t\t<div class=\"elementor-element elementor-element-614c4871 elementor-widget elementor-widget-image\" data-id=\"614c4871\" data-element_type=\"widget\" data-e-type=\"widget\" data-widget_type=\"image.default\">\n\t\t\t\t\t\t\t\t\t\t\t\t\t\t\t<img fetchpriority=\"high\" decoding=\"async\" width=\"1024\" height=\"229\" src=\"https:\/\/grischalux.ch\/wp-content\/uploads\/2026\/03\/grischalux-1-1024x229.png\" class=\"attachment-large size-large wp-image-10\" alt=\"grischalux\" srcset=\"https:\/\/grischalux.ch\/wp-content\/uploads\/2026\/03\/grischalux-1-1024x229.png 1024w, https:\/\/grischalux.ch\/wp-content\/uploads\/2026\/03\/grischalux-1-300x67.png 300w, https:\/\/grischalux.ch\/wp-content\/uploads\/2026\/03\/grischalux-1-768x172.png 768w, https:\/\/grischalux.ch\/wp-content\/uploads\/2026\/03\/grischalux-1-1536x343.png 1536w, https:\/\/grischalux.ch\/wp-content\/uploads\/2026\/03\/grischalux-1-2048x458.png 2048w\" sizes=\"(max-width: 1024px) 100vw, 1024px\" \/>\t\t\t\t\t\t\t\t\t\t\t\t\t\t\t<\/div>\n\t\t\t\t<\/div>\n\t\t<div class=\"elementor-element elementor-element-192cd852 e-con-full e-flex e-con e-child\" data-id=\"192cd852\" data-element_type=\"container\" data-e-type=\"container\">\n\t\t<div class=\"elementor-element elementor-element-5c2fb129 e-con-full e-flex e-con e-child\" data-id=\"5c2fb129\" data-element_type=\"container\" data-e-type=\"container\">\n\t\t\t\t<div class=\"elementor-element elementor-element-3d7e4aed elementor-widget elementor-widget-heading\" data-id=\"3d7e4aed\" data-element_type=\"widget\" data-e-type=\"widget\" data-widget_type=\"heading.default\">\n\t\t\t\t\t<h2 class=\"elementor-heading-title elementor-size-default\"><a href=\"https:\/\/grischalux.ch\/index.php\/ueber-uns\/\">\u00dcber mich<\/a><\/h2>\t\t\t\t<\/div>\n\t\t\t\t<div class=\"elementor-element elementor-element-135b99f2 elementor-widget elementor-widget-heading\" data-id=\"135b99f2\" data-element_type=\"widget\" data-e-type=\"widget\" data-widget_type=\"heading.default\">\n\t\t\t\t\t<h2 class=\"elementor-heading-title elementor-size-default\">Kontakt<\/h2>\t\t\t\t<\/div>\n\t\t\t\t<\/div>\n\t\t\t\t<\/div>\n\t\t\t\t\t<\/div>\n\t\t\t\t<\/div>\n\t\t<div class=\"elementor-element elementor-element-1189da9d e-flex e-con-boxed e-con e-parent\" data-id=\"1189da9d\" data-element_type=\"container\" data-e-type=\"container\" data-settings=\"{&quot;background_background&quot;:&quot;classic&quot;}\">\n\t\t\t\t\t<div class=\"e-con-inner\">\n\t\t<div class=\"elementor-element elementor-element-324c1afd e-con-full e-flex e-con e-child\" data-id=\"324c1afd\" data-element_type=\"container\" data-e-type=\"container\">\n\t\t<div class=\"elementor-element elementor-element-ed7cc85 e-con-full e-flex e-con e-child\" data-id=\"ed7cc85\" data-element_type=\"container\" data-e-type=\"container\">\n\t\t\t\t<div class=\"elementor-element elementor-element-6067c6b5 elementor-widget elementor-widget-heading\" data-id=\"6067c6b5\" data-element_type=\"widget\" data-e-type=\"widget\" data-widget_type=\"heading.default\">\n\t\t\t\t\t<h2 class=\"elementor-heading-title elementor-size-default\">Erz\u00e4hlen Sie mir von ihren Projekt<\/h2>\t\t\t\t<\/div>\n\t\t\t\t<div class=\"elementor-element elementor-element-51f3a40f elementor-widget-divider--view-line elementor-widget elementor-widget-divider\" data-id=\"51f3a40f\" data-element_type=\"widget\" data-e-type=\"widget\" data-widget_type=\"divider.default\">\n\t\t\t\t\t\t\t<div class=\"elementor-divider\">\n\t\t\t<span class=\"elementor-divider-separator\">\n\t\t\t\t\t\t<\/span>\n\t\t<\/div>\n\t\t\t\t\t\t<\/div>\n\t\t\t\t<\/div>\n\t\t\t\t<\/div>\n\t\t\t\t\t<\/div>\n\t\t\t\t<\/div>\n\t\t<div class=\"elementor-element elementor-element-ba7248f e-flex e-con-boxed e-con e-parent\" data-id=\"ba7248f\" data-element_type=\"container\" data-e-type=\"container\">\n\t\t\t\t\t<div class=\"e-con-inner\">\n\t\t<div class=\"elementor-element elementor-element-363ae4b e-con-full e-flex e-con e-child\" data-id=\"363ae4b\" data-element_type=\"container\" data-e-type=\"container\">\n\t\t\t\t<div class=\"elementor-element elementor-element-b1af751 elementor-widget elementor-widget-html\" data-id=\"b1af751\" data-element_type=\"widget\" data-e-type=\"widget\" data-widget_type=\"html.default\">\n\t\t\t\t\t<!-- Elfsight Form Builder | grischalux -->\n<script src=\"https:\/\/elfsightcdn.com\/platform.js\" async><\/script>\n<div class=\"elfsight-app-22fb6abc-0a00-442e-9b77-3b20a0db8472\" data-elfsight-app-lazy><\/div>\t\t\t\t<\/div>\n\t\t\t\t<\/div>\n\t\t\t\t\t<\/div>\n\t\t\t\t<\/div>\n\t\t<div class=\"elementor-element elementor-element-5a120a86 e-flex e-con-boxed e-con e-parent\" data-id=\"5a120a86\" data-element_type=\"container\" data-e-type=\"container\" data-settings=\"{&quot;background_background&quot;:&quot;classic&quot;}\">\n\t\t\t\t\t<div class=\"e-con-inner\">\n\t\t<div class=\"elementor-element elementor-element-4917afec e-con-full e-flex e-con e-child\" data-id=\"4917afec\" data-element_type=\"container\" data-e-type=\"container\">\n\t\t\t\t<div class=\"elementor-element elementor-element-18135621 elementor-widget elementor-widget-image\" data-id=\"18135621\" data-element_type=\"widget\" data-e-type=\"widget\" data-widget_type=\"image.default\">\n\t\t\t\t\t\t\t\t\t\t\t\t\t\t\t<img decoding=\"async\" width=\"830\" height=\"1024\" src=\"https:\/\/grischalux.ch\/wp-content\/uploads\/2026\/04\/grischalux_logo_senkrecht-1-830x1024.png\" class=\"attachment-large size-large wp-image-143\" alt=\"grischalux\" srcset=\"https:\/\/grischalux.ch\/wp-content\/uploads\/2026\/04\/grischalux_logo_senkrecht-1-830x1024.png 830w, https:\/\/grischalux.ch\/wp-content\/uploads\/2026\/04\/grischalux_logo_senkrecht-1-243x300.png 243w, https:\/\/grischalux.ch\/wp-content\/uploads\/2026\/04\/grischalux_logo_senkrecht-1-768x948.png 768w, https:\/\/grischalux.ch\/wp-content\/uploads\/2026\/04\/grischalux_logo_senkrecht-1.png 866w\" sizes=\"(max-width: 830px) 100vw, 830px\" \/>\t\t\t\t\t\t\t\t\t\t\t\t\t\t\t<\/div>\n\t\t\t\t<\/div>\n\t\t<div class=\"elementor-element elementor-element-4aa673ca e-con-full e-flex e-con e-child\" data-id=\"4aa673ca\" data-element_type=\"container\" data-e-type=\"container\">\n\t\t\t\t<div class=\"elementor-element elementor-element-5a99a341 elementor-widget elementor-widget-text-editor\" data-id=\"5a99a341\" data-element_type=\"widget\" data-e-type=\"widget\" data-widget_type=\"text-editor.default\">\n\t\t\t\t\t\t\t\t\tAlessandro B\u00e4ttig<br>\nObere Industrie 2<br>\n7304 Maienfeld<br>\ninfo@grischalux.ch<br>\n<a href=\"tel:0765804045\" style=\"color:#ffffff; font-weight:400; text-decoration:none;\">076 580 40 45<\/a>\t\t\t\t\t\t\t\t<\/div>\n\t\t\t\t<\/div>\n\t\t<div class=\"elementor-element elementor-element-77130eb e-con-full e-flex e-con e-child\" data-id=\"77130eb\" data-element_type=\"container\" data-e-type=\"container\">\n\t\t<div class=\"elementor-element elementor-element-3c5cf282 e-con-full e-flex e-con e-child\" data-id=\"3c5cf282\" data-element_type=\"container\" data-e-type=\"container\">\n\t\t\t\t<div class=\"elementor-element elementor-element-76dd6bbc elementor-widget elementor-widget-heading\" data-id=\"76dd6bbc\" data-element_type=\"widget\" data-e-type=\"widget\" data-widget_type=\"heading.default\">\n\t\t\t\t\t<h2 class=\"elementor-heading-title elementor-size-default\"><a href=\"https:\/\/grischalux.ch\/index.php\/impressum\/\">Impressum<\/a><\/h2>\t\t\t\t<\/div>\n\t\t\t\t<div class=\"elementor-element elementor-element-7f93d23 elementor-widget elementor-widget-heading\" data-id=\"7f93d23\" data-element_type=\"widget\" data-e-type=\"widget\" data-widget_type=\"heading.default\">\n\t\t\t\t\t<h2 class=\"elementor-heading-title elementor-size-default\"><a href=\"https:\/\/grischalux.ch\/index.php\/elementor-282\/\">AGB<\/a><\/h2>\t\t\t\t<\/div>\n\t\t\t\t<\/div>\n\t\t\t\t<\/div>\n\t\t\t\t\t<\/div>\n\t\t\t\t<\/div>\n\t\t\t\t<\/div>\n\t\t","protected":false},"excerpt":{"rendered":"<p>\u00dcber mich Kontakt Erz\u00e4hlen Sie mir von ihren Projekt Alessandro B\u00e4ttig Obere Industrie 2 7304 Maienfeld info@grischalux.ch 076 580 40 45 Impressum AGB<\/p>\n","protected":false},"author":1,"featured_media":0,"parent":0,"menu_order":0,"comment_status":"closed","ping_status":"closed","template":"","meta":{"footnotes":""},"class_list":["post-189","page","type-page","status-publish","hentry"],"_links":{"self":[{"href":"https:\/\/grischalux.ch\/index.php\/wp-json\/wp\/v2\/pages\/189","targetHints":{"allow":["GET"]}}],"collection":[{"href":"https:\/\/grischalux.ch\/index.php\/wp-json\/wp\/v2\/pages"}],"about":[{"href":"https:\/\/grischalux.ch\/index.php\/wp-json\/wp\/v2\/types\/page"}],"author":[{"embeddable":true,"href":"https:\/\/grischalux.ch\/index.php\/wp-json\/wp\/v2\/users\/1"}],"replies":[{"embeddable":true,"href":"https:\/\/grischalux.ch\/index.php\/wp-json\/wp\/v2\/comments?post=189"}],"version-history":[{"count":81,"href":"https:\/\/grischalux.ch\/index.php\/wp-json\/wp\/v2\/pages\/189\/revisions"}],"predecessor-version":[{"id":429,"href":"https:\/\/grischalux.ch\/index.php\/wp-json\/wp\/v2\/pages\/189\/revisions\/429"}],"wp:attachment":[{"href":"https:\/\/grischalux.ch\/index.php\/wp-json\/wp\/v2\/media?parent=189"}],"curies":[{"name":"wp","href":"https:\/\/api.w.org\/{rel}","templated":true}]}}